{"id":104,"date":"2021-02-22T18:40:03","date_gmt":"2021-02-22T18:40:03","guid":{"rendered":"http:\/\/mejorespracticas.sh.guanajuato.gob.mx\/?page_id=104"},"modified":"2021-02-22T19:44:52","modified_gmt":"2021-02-22T19:44:52","slug":"reconocidas-2020","status":"publish","type":"page","link":"https:\/\/mejorespracticas.sh.guanajuato.gob.mx\/index.php\/reconocidas-2020\/","title":{"rendered":"Reconocidas 2020"},"content":{"rendered":"\n<figure class=\"wp-block-table aligncenter is-style-stripes\"><table class=\"\"><tbody><tr><td class=\"has-text-align-center\" data-align=\"center\"><strong>Dependencia<\/strong><\/td><td class=\"has-text-align-center\" data-align=\"center\"><strong>Centro de atenci\u00f3n<\/strong><\/td><td class=\"has-text-align-center\" data-align=\"center\"><strong>Mejor pr\u00e1ctica<\/strong><\/td><\/tr><tr><td class=\"has-text-align-center\" data-align=\"center\"> Secretar\u00eda de Salud de Guanajuato (SSG) <\/td><td class=\"has-text-align-center\" data-align=\"center\"> Hospital&nbsp;General de Guanajuato &#8220;Dr. Valent\u00edn Gracia&#8221; <\/td><td class=\"has-text-align-center\" data-align=\"center\"><a rel=\"noreferrer noopener\" aria-label=\" (abre en una nueva pesta\u00f1a)\" href=\"http:\/\/mejorespracticas.sh.guanajuato.gob.mx\/wp-content\/uploads\/2021\/02\/MP20-Disminucion-del-tiempo-de-espera-para-recibir-consulta.pdf\" target=\"_blank\">Disminuci\u00f3n del tiempo de espera para recibir consulta de primera vez en el segundo nivel de atenci\u00f3n<\/a><\/td><\/tr><tr><td class=\"has-text-align-center\" data-align=\"center\"> Ayuntamiento de Irapuato<\/td><td class=\"has-text-align-center\" data-align=\"center\"> Direcci\u00f3n&nbsp;General de Desarrollo Urbano de Irapuato <\/td><td class=\"has-text-align-center\" data-align=\"center\"><a rel=\"noreferrer noopener\" aria-label=\" (abre en una nueva pesta\u00f1a)\" href=\"http:\/\/mejorespracticas.sh.guanajuato.gob.mx\/wp-content\/uploads\/2021\/02\/MP20-Ventanilla-de-construccion-simplificada.pdf\" target=\"_blank\">Ventanilla de Construcci\u00f3n Simplificada (VECS)<\/a><\/td><\/tr><tr><td class=\"has-text-align-center\" data-align=\"center\"> Ayuntamiento de Celaya<\/td><td class=\"has-text-align-center\" data-align=\"center\"> Desarrollo&nbsp;Urbano y Ordenamiento Ecol\u00f3gico Territorial de Celaya<\/td><td class=\"has-text-align-center\" data-align=\"center\"><a href=\"http:\/\/mejorespracticas.sh.guanajuato.gob.mx\/wp-content\/uploads\/2021\/02\/MP20-Expediente-electronico.pdf\" target=\"_blank\" rel=\"noreferrer noopener\" aria-label=\" (abre en una nueva pesta\u00f1a)\">Expediente Electr\u00f3nico<\/a><\/td><\/tr><tr><td class=\"has-text-align-center\" data-align=\"center\"> Ayuntamiento de Le\u00f3n<\/td><td class=\"has-text-align-center\" data-align=\"center\"> Direcci\u00f3n&nbsp;General de Desarrollo Urbano de Le\u00f3n<\/td><td class=\"has-text-align-center\" data-align=\"center\"><a href=\"http:\/\/mejorespracticas.sh.guanajuato.gob.mx\/wp-content\/uploads\/2021\/02\/MP20-Sistema-de-Informacion-de-Uso-de-suelo.pdf\" target=\"_blank\" rel=\"noreferrer noopener\" aria-label=\" (abre en una nueva pesta\u00f1a)\">SIUS (Sistema de Informaci\u00f3n de Uso de Suelo)<\/a><\/td><\/tr><tr><td class=\"has-text-align-center\" data-align=\"center\"> Colegio de Estudios Cient\u00edficos y Tecnol\u00f3gicos del Estado de Guanajuato (CECyTE)<\/td><td class=\"has-text-align-center\" data-align=\"center\"> Colegio&nbsp;de Estudios Cient\u00edficos y Tecnol\u00f3gicos del Estado de Guanajuato Plantel Pur\u00edsima del Rinc\u00f3n<\/td><td class=\"has-text-align-center\" data-align=\"center\"><a href=\"http:\/\/mejorespracticas.sh.guanajuato.gob.mx\/wp-content\/uploads\/2021\/02\/MP20-Carta-de-aceptacion-y-Tutores-administrativos.pdf\" target=\"_blank\" rel=\"noreferrer noopener\" aria-label=\" (abre en una nueva pesta\u00f1a)\">Carta de aceptaci\u00f3n y Tutores administrativos<\/a><\/td><\/tr><tr><td class=\"has-text-align-center\" data-align=\"center\"> Secretar\u00eda de Educaci\u00f3n de Guanajuato (SEG)<\/td><td class=\"has-text-align-center\" data-align=\"center\"> Unidad&nbsp;de Servicios de Apoyo a la Educaci\u00f3n en Pueblo Nuevo<\/td><td class=\"has-text-align-center\" data-align=\"center\"><a href=\"http:\/\/mejorespracticas.sh.guanajuato.gob.mx\/wp-content\/uploads\/2021\/02\/MP20-USAE-de-tiempo-completo.pdf\" target=\"_blank\" rel=\"noreferrer noopener\" aria-label=\" (abre en una nueva pesta\u00f1a)\">USAE de Tiempo Completo<\/a><\/td><\/tr><tr><td class=\"has-text-align-center\" data-align=\"center\"> Ayuntamiento de Le\u00f3n<\/td><td class=\"has-text-align-center\" data-align=\"center\"> Oficina&nbsp;de Tr\u00e1mites y Servicios de la Direcci\u00f3n General de Ingresos 5 de Mayo de Le\u00f3n<\/td><td class=\"has-text-align-center\" data-align=\"center\"><a rel=\"noreferrer noopener\" aria-label=\" (abre en una nueva pesta\u00f1a)\" href=\"http:\/\/mejorespracticas.sh.guanajuato.gob.mx\/wp-content\/uploads\/2021\/02\/MP20-Plataforma-Web-e-traslado-.pdf\" target=\"_blank\">Plataforma Web e-traslado para tr\u00e1mite sobre adquisici\u00f3n de bienes inmuebles<\/a><\/td><\/tr><tr><td class=\"has-text-align-center\" data-align=\"center\"> Universidad Polit\u00e9cnica de Guanajuato (UPG)<\/td><td class=\"has-text-align-center\" data-align=\"center\"> Universidad&nbsp;Polit\u00e9cnica de Guanajuato<\/td><td class=\"has-text-align-center\" data-align=\"center\"><a href=\"http:\/\/mejorespracticas.sh.guanajuato.gob.mx\/wp-content\/uploads\/2021\/02\/MP20-Digitalizacion-de-procesos-estancias-y-estadias.pdf\" target=\"_blank\" rel=\"noreferrer noopener\" aria-label=\" (abre en una nueva pesta\u00f1a)\">Digitalizaci\u00f3n de procesos: estancias y estad\u00edas<\/a><\/td><\/tr><tr><td class=\"has-text-align-center\" data-align=\"center\"> Secretar\u00eda de Salud de Guanajuato (SSG)<\/td><td class=\"has-text-align-center\" data-align=\"center\"> Hospital&nbsp;General de Le\u00f3n<\/td><td class=\"has-text-align-center\" data-align=\"center\"><a href=\"http:\/\/mejorespracticas.sh.guanajuato.gob.mx\/wp-content\/uploads\/2021\/02\/MP20-Creacion-de-ventanillas-para-realizar-tramites-en-Archivo-Clinico.pdf\" target=\"_blank\" rel=\"noreferrer noopener\" aria-label=\" (abre en una nueva pesta\u00f1a)\">Creaci\u00f3n de ventanillas para realizar tr\u00e1mites en Archivo Cl\u00ednico para atenci\u00f3n de pacientes de grupos vulnerables<\/a><\/td><\/tr><tr><td class=\"has-text-align-center\" data-align=\"center\"> Secretar\u00eda de Educaci\u00f3n de Guanajuato (SEG)<\/td><td class=\"has-text-align-center\" data-align=\"center\"> Unidad&nbsp;de Servicios de Apoyo a la Educaci\u00f3n en Le\u00f3n<\/td><td class=\"has-text-align-center\" data-align=\"center\"><a href=\"http:\/\/mejorespracticas.sh.guanajuato.gob.mx\/wp-content\/uploads\/2021\/02\/MP20-Implementacion-de-whatsapp-business-para-atencion-a-usuarios.pdf\" target=\"_blank\" rel=\"noreferrer noopener\" aria-label=\" (abre en una nueva pesta\u00f1a)\">Implementaci\u00f3n de whatsapp business para atenci\u00f3n a usuarios<\/a><\/td><\/tr><\/tbody><\/table><\/figure>\n","protected":false},"excerpt":{"rendered":"<p>Dependencia Centro de atenci\u00f3n Mejor pr\u00e1ctica Secretar\u00eda de Salud de Guanajuato (SSG) Hospital&nbsp;General de Guanajuato &#8220;Dr. Valent\u00edn Gracia&#8221; Disminuci\u00f3n del tiempo de espera para recibir consulta de primera vez en el segundo nivel de atenci\u00f3n Ayuntamiento de Irapuato Direcci\u00f3n&nbsp;General de Desarrollo Urbano de Irapuato Ventanilla de Construcci\u00f3n Simplificada (VECS) Ayuntamiento de Celaya Desarrollo&nbsp;Urbano y Ordenamiento [&hellip;]<\/p>\n","protected":false},"author":3,"featured_media":0,"parent":0,"menu_order":0,"comment_status":"closed","ping_status":"closed","template":"","meta":{"footnotes":""},"class_list":["post-104","page","type-page","status-publish","hentry"],"_links":{"self":[{"href":"https:\/\/mejorespracticas.sh.guanajuato.gob.mx\/index.php\/wp-json\/wp\/v2\/pages\/104","targetHints":{"allow":["GET"]}}],"collection":[{"href":"https:\/\/mejorespracticas.sh.guanajuato.gob.mx\/index.php\/wp-json\/wp\/v2\/pages"}],"about":[{"href":"https:\/\/mejorespracticas.sh.guanajuato.gob.mx\/index.php\/wp-json\/wp\/v2\/types\/page"}],"author":[{"embeddable":true,"href":"https:\/\/mejorespracticas.sh.guanajuato.gob.mx\/index.php\/wp-json\/wp\/v2\/users\/3"}],"replies":[{"embeddable":true,"href":"https:\/\/mejorespracticas.sh.guanajuato.gob.mx\/index.php\/wp-json\/wp\/v2\/comments?post=104"}],"version-history":[{"count":7,"href":"https:\/\/mejorespracticas.sh.guanajuato.gob.mx\/index.php\/wp-json\/wp\/v2\/pages\/104\/revisions"}],"predecessor-version":[{"id":126,"href":"https:\/\/mejorespracticas.sh.guanajuato.gob.mx\/index.php\/wp-json\/wp\/v2\/pages\/104\/revisions\/126"}],"wp:attachment":[{"href":"https:\/\/mejorespracticas.sh.guanajuato.gob.mx\/index.php\/wp-json\/wp\/v2\/media?parent=104"}],"curies":[{"name":"wp","href":"https:\/\/api.w.org\/{rel}","templated":true}]}}