{"id":159,"date":"2021-12-17T18:08:45","date_gmt":"2021-12-17T18:08:45","guid":{"rendered":"http:\/\/mejorespracticas.sh.guanajuato.gob.mx\/?page_id=159"},"modified":"2021-12-17T18:08:46","modified_gmt":"2021-12-17T18:08:46","slug":"reconocidas-2021","status":"publish","type":"page","link":"https:\/\/mejorespracticas.sh.guanajuato.gob.mx\/index.php\/reconocidas-2021\/","title":{"rendered":"Reconocidas 2021"},"content":{"rendered":"\n<figure class=\"wp-block-table is-style-stripes\"><table class=\"\"><tbody><tr><td><strong>Dependencia<\/strong><\/td><td><strong>Centro de atenci\u00f3n<\/strong><\/td><td><strong>Mejor pr\u00e1ctica<\/strong><\/td><\/tr><tr><td>Secretar\u00eda de Educaci\u00f3n de Guanajuato (SEG)<\/td><td>Direcci\u00f3n General del Sistema para la Carrera<\/td><td><a href=\"http:\/\/mejorespracticas.sh.guanajuato.gob.mx\/wp-content\/uploads\/2021\/12\/093-Innovacion-digital-docentes-asignados-a-tu-escuela.pdf\" target=\"_blank\" rel=\"noreferrer noopener\" aria-label=\"Innovaci\u00f3n digital, docentes asignados a tu escuela (abre en una nueva pesta\u00f1a)\">Innovaci\u00f3n digital, docentes asignados a tu escuela<\/a><\/td><\/tr><tr><td>Universidad Virtual del Estado de Guanajuato (UVEG)<\/td><td>UVEG, Oficinas Centrales<\/td><td><a href=\"http:\/\/mejorespracticas.sh.guanajuato.gob.mx\/wp-content\/uploads\/2021\/12\/169-AuditApp.pdf\" target=\"_blank\" rel=\"noreferrer noopener\" aria-label=\"Auditapp (abre en una nueva pesta\u00f1a)\">Auditapp<\/a><\/td><\/tr><tr><td>Colegio de Estudios Cient\u00edficos y Tecnol\u00f3gicos del Estado de Guanajuato (CECyTE)<\/td><td>Colegio de Estudios Cient\u00edficos y Tecnol\u00f3gicos del Estado de Guanajuato, Plantel Pur\u00edsima del Rinc\u00f3n<\/td><td><a href=\"http:\/\/mejorespracticas.sh.guanajuato.gob.mx\/wp-content\/uploads\/2021\/12\/054-CECyBot-Asistente-virtual-para-tramites-y-servicios.pdf\" target=\"_blank\" rel=\"noreferrer noopener\" aria-label=\"CECyBot - Asistente virtual para tr\u00e1mites y servicios (abre en una nueva pesta\u00f1a)\">CECyBot &#8211; Asistente virtual para tr\u00e1mites y servicios<\/a><\/td><\/tr><tr><td>Secretar\u00eda de Educaci\u00f3n de Guanajuato (SEG)<\/td><td>Direcci\u00f3n General de Profesiones, Servicios Escolares e Incorporaciones<\/td><td><a href=\"http:\/\/mejorespracticas.sh.guanajuato.gob.mx\/wp-content\/uploads\/2021\/12\/159-Certificaciones-electronicas-SEG.pdf\" target=\"_blank\" rel=\"noreferrer noopener\" aria-label=\"Certificaciones electr\u00f3nicas SEG (abre en una nueva pesta\u00f1a)\">Certificaciones electr\u00f3nicas SEG<\/a><\/td><\/tr><tr><td>Secretar\u00eda de Gobierno (SG)<\/td><td>Peri\u00f3dico Oficial del Estado de Guanajuato<\/td><td><a href=\"http:\/\/mejorespracticas.sh.guanajuato.gob.mx\/wp-content\/uploads\/2021\/12\/155-Recepcion-electronica-de-edictos-y-avisos-judiciales.pdf\" target=\"_blank\" rel=\"noreferrer noopener\" aria-label=\"Recepci\u00f3n electr\u00f3nica de edictos y avisos judiciales (abre en una nueva pesta\u00f1a)\">Recepci\u00f3n electr\u00f3nica de edictos y avisos judiciales<\/a><\/td><\/tr><tr><td>Servicio de Administraci\u00f3n Tributaria del Estado de Guanajuato (SATEG)<\/td><td>Oficina de Servicios al Contribuyente de Salvatierra<\/td><td><a href=\"http:\/\/mejorespracticas.sh.guanajuato.gob.mx\/wp-content\/uploads\/2021\/12\/047-Formatos-de-seguimiento.pdf\" target=\"_blank\" rel=\"noreferrer noopener\" aria-label=\"Formatos de seguimiento (abre en una nueva pesta\u00f1a)\">Formatos de seguimiento<\/a><\/td><\/tr><tr><td>Instituto Estatal de Capacitaci\u00f3n (IECA)<\/td><td>Instituto Estatal de Capacitaci\u00f3n Plantel Silao, Richard E. Dauch<\/td><td><a href=\"http:\/\/mejorespracticas.sh.guanajuato.gob.mx\/wp-content\/uploads\/2021\/12\/075-Buzon-de-sugerencias-virtual.pdf\" target=\"_blank\" rel=\"noreferrer noopener\" aria-label=\"Buz\u00f3n de sugerencias virtual (abre en una nueva pesta\u00f1a)\">Buz\u00f3n de sugerencias virtual<\/a><\/td><\/tr><tr><td>Secretar\u00eda de Infraestructura, conectividad y Movilidad (SICOM)<\/td><td>Secretar\u00eda de Infraestructura, conectividad y Movilidad (SICOM)<\/td><td><a href=\"http:\/\/mejorespracticas.sh.guanajuato.gob.mx\/wp-content\/uploads\/2021\/12\/119-Tramites-de-estimaciones-con-firma-electronica.pdf\" target=\"_blank\" rel=\"noreferrer noopener\" aria-label=\"Tr\u00e1mites de estimaciones con firma electr\u00f3nica (abre en una nueva pesta\u00f1a)\">Tr\u00e1mites de estimaciones con firma electr\u00f3nica<\/a><\/td><\/tr><tr><td>Ayuntamiento de San Francisco del Rinc\u00f3n (SFR)<\/td><td>Despacho de la Presidencia Municipal de San Francisco del Rinc\u00f3n<\/td><td><a href=\"http:\/\/mejorespracticas.sh.guanajuato.gob.mx\/wp-content\/uploads\/2021\/12\/105-MAS-Cerca-conociendo-tu-opinion.pdf\" target=\"_blank\" rel=\"noreferrer noopener\" aria-label=\"MAS Cerca conociendo t\u00fa opini\u00f3n (abre en una nueva pesta\u00f1a)\">MAS Cerca conociendo t\u00fa opini\u00f3n<\/a><\/td><\/tr><tr><td>Secretar\u00eda de Seguridad P\u00fablica (SSP)<\/td><td>Direcci\u00f3n General de Reintegraci\u00f3n Social para Adolescentes<\/td><td><a href=\"http:\/\/mejorespracticas.sh.guanajuato.gob.mx\/wp-content\/uploads\/2021\/12\/122-Videollamadas-familiares.pdf\" target=\"_blank\" rel=\"noreferrer noopener\" aria-label=\"Videollamadas familiares (abre en una nueva pesta\u00f1a)\">Videollamadas familiares<\/a><\/td><\/tr><\/tbody><\/table><\/figure>\n","protected":false},"excerpt":{"rendered":"<p>Dependencia Centro de atenci\u00f3n Mejor pr\u00e1ctica Secretar\u00eda de Educaci\u00f3n de Guanajuato (SEG) Direcci\u00f3n General del Sistema para la Carrera Innovaci\u00f3n digital, docentes asignados a tu escuela Universidad Virtual del Estado de Guanajuato (UVEG) UVEG, Oficinas Centrales Auditapp Colegio de Estudios Cient\u00edficos y Tecnol\u00f3gicos del Estado de Guanajuato (CECyTE) Colegio de Estudios Cient\u00edficos y Tecnol\u00f3gicos del [&hellip;]<\/p>\n","protected":false},"author":3,"featured_media":0,"parent":0,"menu_order":0,"comment_status":"closed","ping_status":"closed","template":"","meta":{"footnotes":""},"class_list":["post-159","page","type-page","status-publish","hentry"],"_links":{"self":[{"href":"https:\/\/mejorespracticas.sh.guanajuato.gob.mx\/index.php\/wp-json\/wp\/v2\/pages\/159","targetHints":{"allow":["GET"]}}],"collection":[{"href":"https:\/\/mejorespracticas.sh.guanajuato.gob.mx\/index.php\/wp-json\/wp\/v2\/pages"}],"about":[{"href":"https:\/\/mejorespracticas.sh.guanajuato.gob.mx\/index.php\/wp-json\/wp\/v2\/types\/page"}],"author":[{"embeddable":true,"href":"https:\/\/mejorespracticas.sh.guanajuato.gob.mx\/index.php\/wp-json\/wp\/v2\/users\/3"}],"replies":[{"embeddable":true,"href":"https:\/\/mejorespracticas.sh.guanajuato.gob.mx\/index.php\/wp-json\/wp\/v2\/comments?post=159"}],"version-history":[{"count":12,"href":"https:\/\/mejorespracticas.sh.guanajuato.gob.mx\/index.php\/wp-json\/wp\/v2\/pages\/159\/revisions"}],"predecessor-version":[{"id":182,"href":"https:\/\/mejorespracticas.sh.guanajuato.gob.mx\/index.php\/wp-json\/wp\/v2\/pages\/159\/revisions\/182"}],"wp:attachment":[{"href":"https:\/\/mejorespracticas.sh.guanajuato.gob.mx\/index.php\/wp-json\/wp\/v2\/media?parent=159"}],"curies":[{"name":"wp","href":"https:\/\/api.w.org\/{rel}","templated":true}]}}