{"id":214,"date":"2022-12-21T17:46:05","date_gmt":"2022-12-21T17:46:05","guid":{"rendered":"http:\/\/mejorespracticas.sh.guanajuato.gob.mx\/?page_id=214"},"modified":"2022-12-21T17:46:05","modified_gmt":"2022-12-21T17:46:05","slug":"reconocidas-2022","status":"publish","type":"page","link":"https:\/\/mejorespracticas.sh.guanajuato.gob.mx\/index.php\/reconocidas-2022\/","title":{"rendered":"Reconocidas 2022"},"content":{"rendered":"\n<figure class=\"wp-block-table is-style-stripes\"><table class=\"\"><thead><tr><th> <strong>Postulaci\u00f3n<\/strong><\/th><th> <strong>Adscripci\u00f3n<\/strong><\/th><th> <strong>Centro de atenci\u00f3n<\/strong><\/th><th> <strong>Nombre de la buena pr\u00e1ctica<\/strong><\/th><\/tr><\/thead><tbody><tr><td> 87<\/td><td> Servicio de Administraci\u00f3n Tributaria del Estado de Guanajuato (SATEG)<\/td><td> Servicio de Administraci\u00f3n Tributaria del Estado de Guanajuato (SATEG)<\/td><td><a rel=\"noreferrer noopener\" aria-label=\" FormalidadGto.maps (abre en una nueva pesta\u00f1a)\" href=\"http:\/\/mejorespracticas.sh.guanajuato.gob.mx\/wp-content\/uploads\/2022\/12\/087-SATEG-.pdf\" target=\"_blank\">FormalidadGto.maps<\/a><\/td><\/tr><tr><td> 23<\/td><td> Servicio de Administraci\u00f3n Tributaria del Estado de Guanajuato (SATEG)<\/td><td> Oficina de Servicios al Contribuyente Jer\u00e9cuaro<\/td><td><a rel=\"noreferrer noopener\" aria-label=\" Estancia Express (abre en una nueva pesta\u00f1a)\" href=\"http:\/\/mejorespracticas.sh.guanajuato.gob.mx\/wp-content\/uploads\/2022\/12\/023-sategjerecuaro.pdf\" target=\"_blank\">Estancia Express<\/a><\/td><\/tr><tr><td> 81<\/td><td> Servicio de Administraci\u00f3n Tributaria del Estado de Guanajuato (SATEG)<\/td><td> Subdirecci\u00f3n General de Ingresos<\/td><td><a rel=\"noreferrer noopener\" aria-label=\" Portal Web Canje de Placas-Gto (abre en una nueva pesta\u00f1a)\" href=\"http:\/\/mejorespracticas.sh.guanajuato.gob.mx\/wp-content\/uploads\/2022\/12\/081-SATEG.pdf\" target=\"_blank\">Portal Web Canje de Placas-Gto<\/a><\/td><\/tr><tr><td> 79<\/td><td> Servicio de Administraci\u00f3n Tributaria del Estado de Guanajuato (SATEG)<\/td><td> Direcci\u00f3n de Ejecuci\u00f3n, SGI, SATEG.<\/td><td><a rel=\"noreferrer noopener\" aria-label=\" \u201cFirma electr\u00f3nica Plus-SATEG\u201d (abre en una nueva pesta\u00f1a)\" href=\"http:\/\/mejorespracticas.sh.guanajuato.gob.mx\/wp-content\/uploads\/2022\/12\/079-SATEG.pdf\" target=\"_blank\">\u201cFirma electr\u00f3nica Plus-SATEG\u201d<\/a><\/td><\/tr><tr><td> 137<\/td><td> Ayuntamiento de Le\u00f3n (LEO)<\/td><td> Oficina de Tr\u00e1mites y Servicios de la Direcci\u00f3n General de Ingresos 5 de Mayo de Le\u00f3n<\/td><td><a rel=\"noreferrer noopener\" aria-label=\" Tr\u00e1mite de cuota m\u00ednima de impuesto predial en l\u00ednea (abre en una nueva pesta\u00f1a)\" href=\"http:\/\/mejorespracticas.sh.guanajuato.gob.mx\/wp-content\/uploads\/2022\/12\/137-leoingresoscinco.pdf\" target=\"_blank\">Tr\u00e1mite de cuota m\u00ednima de impuesto predial en l\u00ednea<\/a><\/td><\/tr><tr><td> 129<\/td><td> Ayuntamiento de Le\u00f3n (LEO)<\/td><td> Oficina de Tr\u00e1mites y Servicios de la Direcci\u00f3n General de Ingresos de Le\u00f3n<\/td><td><a href=\"http:\/\/mejorespracticas.sh.guanajuato.gob.mx\/wp-content\/uploads\/2022\/12\/129-leoingresos.pdf\" target=\"_blank\" rel=\"noreferrer noopener\" aria-label=\"Constancia de No Infracci\u00f3n en L\u00ednea (abre en una nueva pesta\u00f1a)\">Constancia de No Infracci\u00f3n en L\u00ednea<\/a><\/td><\/tr><tr><td> 36<\/td><td> Secretar\u00eda de Educaci\u00f3n de Guanajuato (SEG)<\/td><td> Unidad de Servicios de Apoyo a la Educaci\u00f3n en Le\u00f3n<\/td><td><a href=\"http:\/\/mejorespracticas.sh.guanajuato.gob.mx\/wp-content\/uploads\/2022\/12\/036-segusaeleon.pdf\" target=\"_blank\" rel=\"noreferrer noopener\" aria-label=\"Centro de Atenci\u00f3n Telef\u00f3nica CAT- Sistema de Inscripci\u00f3n Anticipada (abre en una nueva pesta\u00f1a)\">Centro de Atenci\u00f3n Telef\u00f3nica CAT- Sistema de Inscripci\u00f3n Anticipada<\/a><\/td><\/tr><tr><td> 102<\/td><td> Secretar\u00eda de Gobierno (SG)<\/td><td> Direcci\u00f3n General del Registro Civil<\/td><td><a href=\"http:\/\/mejorespracticas.sh.guanajuato.gob.mx\/wp-content\/uploads\/2022\/12\/102-SG.pdf\" target=\"_blank\" rel=\"noreferrer noopener\" aria-label=\"Kiosco Digital GTO (abre en una nueva pesta\u00f1a)\">Kiosco Digital GTO<\/a><\/td><\/tr><tr><td> 57<\/td><td> Ayuntamiento de Irapuato (IRO)<\/td><td> Direcci\u00f3n General de Desarrollo Urbano de Irapuato<\/td><td><a href=\"http:\/\/mejorespracticas.sh.guanajuato.gob.mx\/wp-content\/uploads\/2022\/12\/057-irourbano.pdf\" target=\"_blank\" rel=\"noreferrer noopener\" aria-label=\"Centro de Atenci\u00f3n Virtual (abre en una nueva pesta\u00f1a)\">Centro de Atenci\u00f3n Virtual<\/a><\/td><\/tr><tr><td> 114<\/td><td> Instituto Estatal de Capacitaci\u00f3n (IECA)<\/td><td> Instituto Estatal de Capacitaci\u00f3n Plantel Silao Dauch<\/td><td><a href=\"http:\/\/mejorespracticas.sh.guanajuato.gob.mx\/wp-content\/uploads\/2022\/12\/114-iecasilaodauch.pdf\" target=\"_blank\" rel=\"noreferrer noopener\" aria-label=\"Realidad virtual en planes de capacitaci\u00f3n (abre en una nueva pesta\u00f1a)\">Realidad virtual en planes de capacitaci\u00f3n<\/a><\/td><\/tr><\/tbody><\/table><\/figure>\n","protected":false},"excerpt":{"rendered":"<p>Postulaci\u00f3n Adscripci\u00f3n Centro de atenci\u00f3n Nombre de la buena pr\u00e1ctica 87 Servicio de Administraci\u00f3n Tributaria del Estado de Guanajuato (SATEG) Servicio de Administraci\u00f3n Tributaria del Estado de Guanajuato (SATEG) FormalidadGto.maps 23 Servicio de Administraci\u00f3n Tributaria del Estado de Guanajuato (SATEG) Oficina de Servicios al Contribuyente Jer\u00e9cuaro Estancia Express 81 Servicio de Administraci\u00f3n Tributaria del Estado [&hellip;]<\/p>\n","protected":false},"author":3,"featured_media":0,"parent":0,"menu_order":0,"comment_status":"closed","ping_status":"closed","template":"","meta":{"footnotes":""},"class_list":["post-214","page","type-page","status-publish","hentry"],"_links":{"self":[{"href":"https:\/\/mejorespracticas.sh.guanajuato.gob.mx\/index.php\/wp-json\/wp\/v2\/pages\/214","targetHints":{"allow":["GET"]}}],"collection":[{"href":"https:\/\/mejorespracticas.sh.guanajuato.gob.mx\/index.php\/wp-json\/wp\/v2\/pages"}],"about":[{"href":"https:\/\/mejorespracticas.sh.guanajuato.gob.mx\/index.php\/wp-json\/wp\/v2\/types\/page"}],"author":[{"embeddable":true,"href":"https:\/\/mejorespracticas.sh.guanajuato.gob.mx\/index.php\/wp-json\/wp\/v2\/users\/3"}],"replies":[{"embeddable":true,"href":"https:\/\/mejorespracticas.sh.guanajuato.gob.mx\/index.php\/wp-json\/wp\/v2\/comments?post=214"}],"version-history":[{"count":6,"href":"https:\/\/mejorespracticas.sh.guanajuato.gob.mx\/index.php\/wp-json\/wp\/v2\/pages\/214\/revisions"}],"predecessor-version":[{"id":283,"href":"https:\/\/mejorespracticas.sh.guanajuato.gob.mx\/index.php\/wp-json\/wp\/v2\/pages\/214\/revisions\/283"}],"wp:attachment":[{"href":"https:\/\/mejorespracticas.sh.guanajuato.gob.mx\/index.php\/wp-json\/wp\/v2\/media?parent=214"}],"curies":[{"name":"wp","href":"https:\/\/api.w.org\/{rel}","templated":true}]}}