{"id":257,"date":"2023-12-15T01:49:08","date_gmt":"2023-12-15T01:49:08","guid":{"rendered":"http:\/\/mejorespracticas.sh.guanajuato.gob.mx\/?page_id=257"},"modified":"2024-01-12T18:32:13","modified_gmt":"2024-01-12T18:32:13","slug":"resultados-2023","status":"publish","type":"page","link":"https:\/\/mejorespracticas.sh.guanajuato.gob.mx\/index.php\/resultados-2023\/","title":{"rendered":"Resultados 2023"},"content":{"rendered":"\n<figure class=\"wp-block-table is-style-stripes\"><table class=\"has-fixed-layout\"><thead><tr><td><strong>Postulaci\u00f3n<\/strong><\/td><td><strong>Adscripci\u00f3n<\/strong><\/td><td><strong>Centro De atenci\u00f3n postulante<\/strong><\/td><td><strong>Nombre de la Mejor Pr\u00e1ctica<\/strong><\/td><\/tr><\/thead><tbody><tr><td>86<\/td><td>Municipio de Le\u00f3n<\/td><td>Oficina de Atenci\u00f3n Ciudadana de la Secretar\u00eda de Vinculaci\u00f3n y Atenci\u00f3n a los Leoneses<\/td><td><a href=\"http:\/\/mejorespracticas.sh.guanajuato.gob.mx\/wp-content\/uploads\/2024\/01\/PPP-01-Sistema-de-Atenci\u00f3n-Ciudadana.pdf\">Sistema de Atenci\u00f3n Ciudadana<\/a><\/td><\/tr><tr><td>56<\/td><td>Secretar\u00eda de Educaci\u00f3n de Guanajuato<\/td><td>Unidad de Servicios de Apoyo a la Educaci\u00f3n en Apaseo el Grande<\/td><td><a href=\"http:\/\/mejorespracticas.sh.guanajuato.gob.mx\/wp-content\/uploads\/2024\/01\/PPP-02-Altas-y-bajas-de-alumnos-a-tu-alcance.pdf\">Altas y bajas de alumnos a tu alcance<\/a><\/td><\/tr><tr><td>175<\/td><td>Servicio de Administraci\u00f3n Tributaria del Estado de Guanajuato<\/td><td>Direcci\u00f3n de Servicios al Contribuyente de la&nbsp; Subdirecci\u00f3n General de Ingresos<\/td><td><a href=\"http:\/\/mejorespracticas.sh.guanajuato.gob.mx\/wp-content\/uploads\/2024\/01\/PPP-03-Portal-de-Citas-de-las-Oficinas-de-Servicios-al-Contribuyente-GTO.pdf\">Portal de Citas de las Oficinas de Servicios al Contribuyente &#8211; GTO<\/a><\/td><\/tr><tr><td>178<\/td><td>Instituto de Alfabetizaci\u00f3n y Educaci\u00f3n B\u00e1sica para Adultos<\/td><td>Instituto de Alfabetizaci\u00f3n y Educaci\u00f3n B\u00e1sica para Adultos (INAEBA)<br><\/td><td><a href=\"http:\/\/mejorespracticas.sh.guanajuato.gob.mx\/wp-content\/uploads\/2024\/01\/PPP-04-Aplicaci\u00f3n-de-ex\u00e1menes-offline.pdf\">Aplicaci\u00f3n de ex\u00e1menes offline&nbsp;<\/a><\/td><\/tr><tr><td>154<\/td><td>Secretar\u00eda de Educaci\u00f3n de Guanajuato<\/td><td>Direcci\u00f3n General de Pol\u00edtica Educativa<\/td><td><a href=\"http:\/\/mejorespracticas.sh.guanajuato.gob.mx\/wp-content\/uploads\/2024\/01\/PPP-05-Sistema-de-Control-Escolar-de-Educaci\u00f3n-Media-Superior-y-Superior-Incorporadas-CEMSYSI.pdf\">Sistema de Control Escolar de Educaci\u00f3n Media Superior y Superior Incorporadas (CEMSYSI)<\/a><\/td><\/tr><tr><td>79<\/td><td>Municipio de Le\u00f3n<\/td><td>Oficina de Tr\u00e1mites y Servicios de la Direcci\u00f3n General de Ingresos &#8211; 5 de Mayo de Le\u00f3n<\/td><td><a href=\"http:\/\/mejorespracticas.sh.guanajuato.gob.mx\/wp-content\/uploads\/2024\/01\/ppp-06-Emisi\u00f3n-de-constancias-de-certificaci\u00f3n-de-no-adeudo-del-impuesto-predial-Predial.pdf\">\u201cInnovaci\u00f3n Tecnol\u00f3gica de tr\u00e1mites y Servicios mediante la mejora regulatoria en la emisi\u00f3n de constancias de certificaci\u00f3n de no adeudo del impuesto predial a trav\u00e9s de la p\u00e1gina&nbsp;www.micarpetaciudadana.leon.gob.mx&#8221;<\/a><\/td><\/tr><tr><td>34<\/td><td>Secretar\u00eda de Gobierno<\/td><td>Direcci\u00f3n&nbsp; de Representaci\u00f3n Gratuita en Materia&nbsp; Civil de la Direcci\u00f3n General de Defensor\u00eda P\u00fablica<\/td><td><a href=\"http:\/\/mejorespracticas.sh.guanajuato.gob.mx\/wp-content\/uploads\/2024\/01\/PPP-07-Atenci\u00f3n-a-personas-usuarias-por-medios-digitales.pdf\">Atenci\u00f3n de personas usuarias por medios electr\u00f3nicos<\/a><\/td><\/tr><tr><td>170<\/td><td>Secretar\u00eda de Educaci\u00f3n de Guanajuao<\/td><td>Unidad de Servicios de Apoyo a la Educaci\u00f3n en Juventino Rosas<\/td><td><a href=\"http:\/\/mejorespracticas.sh.guanajuato.gob.mx\/wp-content\/uploads\/2024\/01\/PPP-08-Ventanilla-de-Atenci\u00f3n-Integral.pdf\">Ventanilla de Atenci\u00f3n Integral USAE Juventino Rosas<\/a><\/td><\/tr><tr><td>87<\/td><td>Servicio de Administraci\u00f3n Tributaria del Estado de Guanajuato<\/td><td>Oficina de Servicios al Contribuyente Le\u00f3n I (Centro de Gobierno)<\/td><td><a href=\"http:\/\/mejorespracticas.sh.guanajuato.gob.mx\/wp-content\/uploads\/2024\/01\/PPP-09-L\u00cdNEA-QUICK.pdf\">L\u00cdNEA QUICK<\/a><\/td><\/tr><tr><td>95<\/td><td>Secretar\u00eda de Salud de Guanajuato<\/td><td>Hospital General Guanajuato &#8220;Dr. Valent\u00edn Gracia&#8221;<\/td><td><a href=\"http:\/\/mejorespracticas.sh.guanajuato.gob.mx\/wp-content\/uploads\/2024\/01\/PPP-10-Integraci\u00f3n-de-la-Oficina-Soluci\u00f3n-Atenci\u00f3n-y-Servicio-SAS.pdf\">Integraci\u00f3n de la oficina: \u201cSoluci\u00f3n, Atenci\u00f3n y Servicio\u201d (SAS): que consiste en cinco facilitadores: dos m\u00e9dicos, una trabajadora social y dos apoyos administrativos que solucionan de manera inmediata las necesidades de los usuarios.<\/a><\/td><\/tr><tr><td colspan=\"4\"><strong>Menci\u00f3n Especial<\/strong><\/td><\/tr><tr><td>161<\/td><td>Secretar\u00eda de Educaci\u00f3n de Guanajuato<\/td><td>Unidad de Servicios de Apoyo a la Educaci\u00f3n en Valle de Santiago<\/td><td><a href=\"http:\/\/mejorespracticas.sh.guanajuato.gob.mx\/wp-content\/uploads\/2024\/01\/PPP-11-Infraestructura-F\u00edsica-Educativa.pdf\">Infraestructura F\u00edsica Educativa<\/a><\/td><\/tr><\/tbody><\/table><\/figure>\n","protected":false},"excerpt":{"rendered":"<p>Postulaci\u00f3n Adscripci\u00f3n Centro De atenci\u00f3n postulante Nombre de la Mejor Pr\u00e1ctica 86 Municipio de Le\u00f3n Oficina de Atenci\u00f3n Ciudadana de la Secretar\u00eda de Vinculaci\u00f3n y Atenci\u00f3n a los Leoneses Sistema de Atenci\u00f3n Ciudadana 56 Secretar\u00eda de Educaci\u00f3n de Guanajuato Unidad de Servicios de Apoyo a la Educaci\u00f3n en Apaseo el Grande Altas y bajas de [&hellip;]<\/p>\n","protected":false},"author":4,"featured_media":0,"parent":0,"menu_order":0,"comment_status":"closed","ping_status":"closed","template":"","meta":{"footnotes":""},"class_list":["post-257","page","type-page","status-publish","hentry"],"_links":{"self":[{"href":"https:\/\/mejorespracticas.sh.guanajuato.gob.mx\/index.php\/wp-json\/wp\/v2\/pages\/257","targetHints":{"allow":["GET"]}}],"collection":[{"href":"https:\/\/mejorespracticas.sh.guanajuato.gob.mx\/index.php\/wp-json\/wp\/v2\/pages"}],"about":[{"href":"https:\/\/mejorespracticas.sh.guanajuato.gob.mx\/index.php\/wp-json\/wp\/v2\/types\/page"}],"author":[{"embeddable":true,"href":"https:\/\/mejorespracticas.sh.guanajuato.gob.mx\/index.php\/wp-json\/wp\/v2\/users\/4"}],"replies":[{"embeddable":true,"href":"https:\/\/mejorespracticas.sh.guanajuato.gob.mx\/index.php\/wp-json\/wp\/v2\/comments?post=257"}],"version-history":[{"count":15,"href":"https:\/\/mejorespracticas.sh.guanajuato.gob.mx\/index.php\/wp-json\/wp\/v2\/pages\/257\/revisions"}],"predecessor-version":[{"id":287,"href":"https:\/\/mejorespracticas.sh.guanajuato.gob.mx\/index.php\/wp-json\/wp\/v2\/pages\/257\/revisions\/287"}],"wp:attachment":[{"href":"https:\/\/mejorespracticas.sh.guanajuato.gob.mx\/index.php\/wp-json\/wp\/v2\/media?parent=257"}],"curies":[{"name":"wp","href":"https:\/\/api.w.org\/{rel}","templated":true}]}}