{"id":292,"date":"2024-02-27T21:14:34","date_gmt":"2024-02-27T21:14:34","guid":{"rendered":"http:\/\/mejorespracticas.sh.guanajuato.gob.mx\/?page_id=292"},"modified":"2024-02-27T21:17:23","modified_gmt":"2024-02-27T21:17:23","slug":"reconocidas-2018","status":"publish","type":"page","link":"https:\/\/mejorespracticas.sh.guanajuato.gob.mx\/index.php\/reconocidas-2018\/","title":{"rendered":"Reconocidas 2018"},"content":{"rendered":"\n<figure class=\"wp-block-table aligncenter is-style-stripes\">\n<table class=\"\" style=\"width:100%\"><tbody><tr><td>Dependencia<\/td><td>Centro de Atenci\u00f3n<\/td><td>Nombre de la Mejor Pr\u00e1ctica<\/td><\/tr><tr><td>Colegio de Estudios Cient\u00edficos y Tecnol\u00f3gicos del Estado de Guanajuato (CECyTE)<\/td><td>CECyTE Plantel Salamanca<\/td><td>Blog de tutor\u00edas<\/td><\/tr><tr><td>Universidad Virtual del Estado de Guanajuato (UVEG)<\/td><td>Universidad Virtual del Estado de Guanajuato (UVEG)<\/td><td>Sistema de Incidencias<\/td><\/tr><tr><td>Secretar\u00eda de Finanzas, Inversi\u00f3n y Administraci\u00f3n (SFIA)<\/td><td>Oficina Recaudadora de Ac\u00e1mbaro<\/td><td>Fichas especiales<\/td><\/tr><tr><td>Fondos Guanajuato de Financiamiento (FONDOS)<\/td><td>Fondos Guanajuato Sucursal Irapuato<\/td><td>Citas para entrega de recursos.<\/td><\/tr><tr><td>Secretar\u00eda de Educaci\u00f3n (SEG)<\/td><td>Unidad de Servicios de Apoyo a la Educaci\u00f3n de Irapuato<\/td><td>Haz tu cita en l\u00ednea.<\/td><\/tr><tr><td>Instituto de Financiamiento e Informaci\u00f3n para la Educaci\u00f3n (EDUCAFIN)<\/td><td>EDUCAFIN-Le\u00f3n<\/td><td>Atenci\u00f3n v\u00eda WhatsApp<\/td><\/tr><tr><td>Secretar\u00eda de Finanzas, Inversi\u00f3n y Administraci\u00f3n (SFIA)<\/td><td>Oficina Recaudadora de Apaseo el Alto<\/td><td>Digitalizaci\u00f3n de expedientes vehiculares<\/td><\/tr><tr><td>Secretar\u00eda de Educaci\u00f3n (SEG)<\/td><td>Unidad de Servicios de Apoyo a la Educaci\u00f3n de Pueblo Nuevo<\/td><td>Detecci\u00f3n de Necesidades Reales de los Centros de Trabajo<\/td><\/tr><tr><td>Municipio de Salamanca<\/td><td>Ventanilla \u00danica de Salamanca<\/td><td>Sistema de Turnos<\/td><\/tr><tr><td>Secretar\u00eda de Desarrollo Social y Humano (SEDESHU)<\/td><td>Centro Impulso Social San Gabriel de Irapuato<\/td><td>Consejo Ciudadano \u201cUna buena pr\u00e1ctica de participaci\u00f3n activa\u201d<\/td><\/tr><\/tbody><\/table><\/figure>\n","protected":false},"excerpt":{"rendered":"<p>Dependencia Centro de Atenci\u00f3n Nombre de la Mejor Pr\u00e1ctica Colegio de Estudios Cient\u00edficos y Tecnol\u00f3gicos del Estado de Guanajuato (CECyTE) CECyTE Plantel Salamanca Blog de tutor\u00edas Universidad Virtual del Estado de Guanajuato (UVEG) Universidad Virtual del Estado de Guanajuato (UVEG) Sistema de Incidencias Secretar\u00eda de Finanzas, Inversi\u00f3n y Administraci\u00f3n (SFIA) Oficina Recaudadora de Ac\u00e1mbaro Fichas [&hellip;]<\/p>\n","protected":false},"author":4,"featured_media":0,"parent":0,"menu_order":0,"comment_status":"closed","ping_status":"closed","template":"","meta":{"footnotes":""},"class_list":["post-292","page","type-page","status-publish","hentry"],"_links":{"self":[{"href":"https:\/\/mejorespracticas.sh.guanajuato.gob.mx\/index.php\/wp-json\/wp\/v2\/pages\/292","targetHints":{"allow":["GET"]}}],"collection":[{"href":"https:\/\/mejorespracticas.sh.guanajuato.gob.mx\/index.php\/wp-json\/wp\/v2\/pages"}],"about":[{"href":"https:\/\/mejorespracticas.sh.guanajuato.gob.mx\/index.php\/wp-json\/wp\/v2\/types\/page"}],"author":[{"embeddable":true,"href":"https:\/\/mejorespracticas.sh.guanajuato.gob.mx\/index.php\/wp-json\/wp\/v2\/users\/4"}],"replies":[{"embeddable":true,"href":"https:\/\/mejorespracticas.sh.guanajuato.gob.mx\/index.php\/wp-json\/wp\/v2\/comments?post=292"}],"version-history":[{"count":3,"href":"https:\/\/mejorespracticas.sh.guanajuato.gob.mx\/index.php\/wp-json\/wp\/v2\/pages\/292\/revisions"}],"predecessor-version":[{"id":295,"href":"https:\/\/mejorespracticas.sh.guanajuato.gob.mx\/index.php\/wp-json\/wp\/v2\/pages\/292\/revisions\/295"}],"wp:attachment":[{"href":"https:\/\/mejorespracticas.sh.guanajuato.gob.mx\/index.php\/wp-json\/wp\/v2\/media?parent=292"}],"curies":[{"name":"wp","href":"https:\/\/api.w.org\/{rel}","templated":true}]}}