{"id":314,"date":"2025-01-24T21:31:08","date_gmt":"2025-01-24T21:31:08","guid":{"rendered":"http:\/\/mejorespracticas.sh.guanajuato.gob.mx\/?page_id=314"},"modified":"2025-01-24T21:31:08","modified_gmt":"2025-01-24T21:31:08","slug":"resultados-2024","status":"publish","type":"page","link":"https:\/\/mejorespracticas.sh.guanajuato.gob.mx\/index.php\/resultados-2024\/","title":{"rendered":"Resultados 2024"},"content":{"rendered":"\n<figure class=\"wp-block-table\"><table class=\"\"><tbody><tr><td>Posici\u00f3n<\/td><td>Postulaci\u00f3n<\/td><td>Adscripci\u00f3n<\/td><td>Postulante<\/td><td>Nombre de la Buena Pr\u00e1ctica<\/td><\/tr><tr><td>1\u00b0<\/td><td>26<\/td><td>Municipio de&nbsp; Irapuato<\/td><td>Direcci\u00f3n General de Desarrollo Urbano de Irapuato<\/td><td><a href=\"http:\/\/mejorespracticas.sh.guanajuato.gob.mx\/wp-content\/uploads\/2025\/01\/GEOURBANI_-Sistemas-de-l\u00edneas-de-Gesti\u00f3n-para-Fraccionamientos.pdf\">GeoUrbani: Sistema de L\u00edneas de Gesti\u00f3n para Fraccionamientos, Desarrollos en Condominio y Grandes Proyectos<\/a><\/td><\/tr><tr><td>2\u00b0<\/td><td>40<\/td><td>Secretar\u00eda de Educaci\u00f3n de Guanajuato<\/td><td>Unidad de Servicios de Apoyo a la Educaci\u00f3n en San Luis de la Paz<\/td><td><a href=\"http:\/\/mejorespracticas.sh.guanajuato.gob.mx\/wp-content\/uploads\/2025\/01\/Sistema-de-Gesti\u00f3n-de-Solicitud-de-atenci\u00f3n-FLOW.pdf\">Sistema de gesti\u00f3n de solicitud de atenci\u00f3n &#8220;Flow&#8221;<\/a><\/td><\/tr><tr><td>3\u00b0<\/td><td>70<\/td><td>Servicio de Administraci\u00f3n Tributaria del Estado de Guanajuato<\/td><td>Oficina de Servicios al Contribuyente Salamanca I<\/td><td><a href=\"http:\/\/mejorespracticas.sh.guanajuato.gob.mx\/wp-content\/uploads\/2025\/01\/Orientaci\u00f3n-al-Ciudadano-para-el-correcto-llenado-de-la-Carta-Poder-Simple.pdf\">Orientaci\u00f3n al ciudadano para el correcto\u00a0llenado de la Carta Poder Simple<\/a><\/td><\/tr><\/tbody><\/table><\/figure>\n","protected":false},"excerpt":{"rendered":"<p>Posici\u00f3n Postulaci\u00f3n Adscripci\u00f3n Postulante Nombre de la Buena Pr\u00e1ctica 1\u00b0 26 Municipio de&nbsp; Irapuato Direcci\u00f3n General de Desarrollo Urbano de Irapuato GeoUrbani: Sistema de L\u00edneas de Gesti\u00f3n para Fraccionamientos, Desarrollos en Condominio y Grandes Proyectos 2\u00b0 40 Secretar\u00eda de Educaci\u00f3n de Guanajuato Unidad de Servicios de Apoyo a la Educaci\u00f3n en San Luis de la [&hellip;]<\/p>\n","protected":false},"author":4,"featured_media":0,"parent":0,"menu_order":0,"comment_status":"closed","ping_status":"closed","template":"","meta":{"footnotes":""},"class_list":["post-314","page","type-page","status-publish","hentry"],"_links":{"self":[{"href":"https:\/\/mejorespracticas.sh.guanajuato.gob.mx\/index.php\/wp-json\/wp\/v2\/pages\/314","targetHints":{"allow":["GET"]}}],"collection":[{"href":"https:\/\/mejorespracticas.sh.guanajuato.gob.mx\/index.php\/wp-json\/wp\/v2\/pages"}],"about":[{"href":"https:\/\/mejorespracticas.sh.guanajuato.gob.mx\/index.php\/wp-json\/wp\/v2\/types\/page"}],"author":[{"embeddable":true,"href":"https:\/\/mejorespracticas.sh.guanajuato.gob.mx\/index.php\/wp-json\/wp\/v2\/users\/4"}],"replies":[{"embeddable":true,"href":"https:\/\/mejorespracticas.sh.guanajuato.gob.mx\/index.php\/wp-json\/wp\/v2\/comments?post=314"}],"version-history":[{"count":1,"href":"https:\/\/mejorespracticas.sh.guanajuato.gob.mx\/index.php\/wp-json\/wp\/v2\/pages\/314\/revisions"}],"predecessor-version":[{"id":318,"href":"https:\/\/mejorespracticas.sh.guanajuato.gob.mx\/index.php\/wp-json\/wp\/v2\/pages\/314\/revisions\/318"}],"wp:attachment":[{"href":"https:\/\/mejorespracticas.sh.guanajuato.gob.mx\/index.php\/wp-json\/wp\/v2\/media?parent=314"}],"curies":[{"name":"wp","href":"https:\/\/api.w.org\/{rel}","templated":true}]}}