{"id":329,"date":"2026-01-13T20:05:34","date_gmt":"2026-01-13T20:05:34","guid":{"rendered":"http:\/\/mejorespracticas.sh.guanajuato.gob.mx\/?page_id=329"},"modified":"2026-01-13T20:05:35","modified_gmt":"2026-01-13T20:05:35","slug":"resultados-2025","status":"publish","type":"page","link":"https:\/\/mejorespracticas.sh.guanajuato.gob.mx\/index.php\/resultados-2025\/","title":{"rendered":"Resultados 2025"},"content":{"rendered":"\n<figure class=\"wp-block-table is-style-stripes\"><table class=\"\"><tbody><tr><td class=\"has-text-align-left\" data-align=\"left\"> <strong>Posici\u00f3n<\/strong> <\/td><td class=\"has-text-align-left\" data-align=\"left\"> <strong>N\u00famero de Postulaci\u00f3n<\/strong> <\/td><td class=\"has-text-align-left\" data-align=\"left\"> <strong>Centro de Atenci\u00f3n Postulante<\/strong> <\/td><td class=\"has-text-align-left\" data-align=\"left\"> <strong>Nombre de la Buena Pr\u00e1ctica<\/strong> <\/td><\/tr><tr><td class=\"has-text-align-left\" data-align=\"left\">1\u00b0<\/td><td class=\"has-text-align-left\" data-align=\"left\">75<\/td><td class=\"has-text-align-left\" data-align=\"left\">Direcci\u00f3n General de Tecnolog\u00edas de la Informaci\u00f3n y Telecomunicaciones de la Secretar\u00eda de Finanzas<\/td><td class=\"has-text-align-left\" data-align=\"left\"><a href=\"http:\/\/mejorespracticas.sh.guanajuato.gob.mx\/wp-content\/uploads\/2026\/01\/75.-Iniciativas-de-TI-DGTIT-Final.pdf\" target=\"_blank\" rel=\"noreferrer noopener\" aria-label=\"Iniciativas de TI -DGTIT  (abre en una nueva pesta\u00f1a)\">Iniciativas de TI -DGTIT <\/a><\/td><\/tr><tr><td class=\"has-text-align-left\" data-align=\"left\">2\u00b0<\/td><td class=\"has-text-align-left\" data-align=\"left\">92<\/td><td class=\"has-text-align-left\" data-align=\"left\">Coordinaci\u00f3n T\u00e9cnica de Control Vehicular de la Direcci\u00f3n de Servicios al Contribuyente<\/td><td class=\"has-text-align-left\" data-align=\"left\"><a href=\"http:\/\/mejorespracticas.sh.guanajuato.gob.mx\/wp-content\/uploads\/2026\/01\/92.-Micrositio-vehicular-SATEG-Final.pdf\" target=\"_blank\" rel=\"noreferrer noopener\" aria-label=\"Micrositio Vehicular SATEG (abre en una nueva pesta\u00f1a)\">Micrositio Vehicular SATEG<\/a><\/td><\/tr><tr><td class=\"has-text-align-left\" data-align=\"left\">3 \u00b0 <\/td><td class=\"has-text-align-left\" data-align=\"left\">70<\/td><td class=\"has-text-align-left\" data-align=\"left\">Delegaci\u00f3n Regional Guanajuato y Delegaci\u00f3n Regional Irapuato<\/td><td class=\"has-text-align-left\" data-align=\"left\"><a href=\"http:\/\/mejorespracticas.sh.guanajuato.gob.mx\/wp-content\/uploads\/2026\/01\/70.-Solicitud-de-conciliaci\u00f3n-Precaptura-en-l\u00ednea-Final.pdf\" target=\"_blank\" rel=\"noreferrer noopener\" aria-label=\"Solicitud de conciliaci\u00f3n: Precaptura en L\u00ednea. (abre en una nueva pesta\u00f1a)\">Solicitud de conciliaci\u00f3n: Precaptura en L\u00ednea.<\/a><\/td><\/tr><tr><td class=\"has-text-align-left\" data-align=\"left\">4 \u00b0 <\/td><td class=\"has-text-align-left\" data-align=\"left\">16<\/td><td class=\"has-text-align-left\" data-align=\"left\">Ventanilla de Atenci\u00f3n de la Secretar\u00eda del Campo<\/td><td class=\"has-text-align-left\" data-align=\"left\"><a href=\"http:\/\/mejorespracticas.sh.guanajuato.gob.mx\/wp-content\/uploads\/2026\/01\/16.-DACIA-Final.pdf\" target=\"_blank\" rel=\"noreferrer noopener\" aria-label=\"DACIA (Desarrollo Agroalimentario del Campo a trav\u00e9s de Inteligencia Artificial) (abre en una nueva pesta\u00f1a)\">DACIA (Desarrollo Agroalimentario del Campo a trav\u00e9s de Inteligencia Artificial)<\/a><\/td><\/tr><tr><td class=\"has-text-align-left\" data-align=\"left\">5 \u00b0 <\/td><td class=\"has-text-align-left\" data-align=\"left\">80<\/td><td class=\"has-text-align-left\" data-align=\"left\">M\u00f3dulo Central del ISSEG<\/td><td class=\"has-text-align-left\" data-align=\"left\"><a href=\"http:\/\/mejorespracticas.sh.guanajuato.gob.mx\/wp-content\/uploads\/2026\/01\/80.-Pr\u00e9stamo-en-l\u00ednea-con-firma-electr\u00f3nica-Final.pdf\" target=\"_blank\" rel=\"noreferrer noopener\" aria-label=\"Pr\u00e9stamo en l\u00ednea con firma electr\u00f3nica (abre en una nueva pesta\u00f1a)\">Pr\u00e9stamo en l\u00ednea con firma electr\u00f3nica<\/a><\/td><\/tr><tr><td class=\"has-text-align-left\" data-align=\"left\">6 \u00b0 <\/td><td class=\"has-text-align-left\" data-align=\"left\">20<\/td><td class=\"has-text-align-left\" data-align=\"left\">Unidad de Servicios de Apoyo a la Educaci\u00f3n en Le\u00f3n<\/td><td class=\"has-text-align-left\" data-align=\"left\"><a href=\"http:\/\/mejorespracticas.sh.guanajuato.gob.mx\/wp-content\/uploads\/2026\/01\/20.-Validaci\u00f3n-de-matr\u00edcula-electr\u00f3nica-Final.pdf\" target=\"_blank\" rel=\"noreferrer noopener\" aria-label=\"Validaci\u00f3n de matr\u00edcula electr\u00f3nica (abre en una nueva pesta\u00f1a)\">Validaci\u00f3n de matr\u00edcula electr\u00f3nica<\/a><\/td><\/tr><tr><td class=\"has-text-align-left\" data-align=\"left\">7 \u00b0 <\/td><td class=\"has-text-align-left\" data-align=\"left\">87<\/td><td class=\"has-text-align-left\" data-align=\"left\">Sede Central del SATEG en Puerto Interior<\/td><td class=\"has-text-align-left\" data-align=\"left\"><a href=\"http:\/\/mejorespracticas.sh.guanajuato.gob.mx\/wp-content\/uploads\/2026\/01\/87.-\u00a1DeclaraF\u00e1cil-Final.pdf\" target=\"_blank\" rel=\"noreferrer noopener\" aria-label=\"\u00a1DeclaraF\u00e1cil! (abre en una nueva pesta\u00f1a)\">\u00a1DeclaraF\u00e1cil!<\/a><\/td><\/tr><tr><td class=\"has-text-align-left\" data-align=\"left\">8 \u00b0 <\/td><td class=\"has-text-align-left\" data-align=\"left\">69<\/td><td class=\"has-text-align-left\" data-align=\"left\">Oficinas Generales del CECyTE Guanajuato<\/td><td class=\"has-text-align-left\" data-align=\"left\"><a href=\"http:\/\/mejorespracticas.sh.guanajuato.gob.mx\/wp-content\/uploads\/2026\/01\/69.-Mi-Aula-CeCyTEG-Final.pdf\" target=\"_blank\" rel=\"noreferrer noopener\" aria-label=\"Mi Aula CECyTEG (abre en una nueva pesta\u00f1a)\">Mi Aula CECyTEG<\/a><\/td><\/tr><tr><td class=\"has-text-align-left\" data-align=\"left\">9 \u00b0 <\/td><td class=\"has-text-align-left\" data-align=\"left\">78<\/td><td class=\"has-text-align-left\" data-align=\"left\">Direcci\u00f3n de Servicios al Contribuyente<\/td><td class=\"has-text-align-left\" data-align=\"left\"><a href=\"http:\/\/mejorespracticas.sh.guanajuato.gob.mx\/wp-content\/uploads\/2026\/01\/78.-Cat\u00e1logo-Digital-de-Tr\u00e1mites-y-Servicios-SATEG-Final.pdf\" target=\"_blank\" rel=\"noreferrer noopener\" aria-label=\"Cat\u00e1logo Digital de Tr\u00e1mites y Servicios SATEG (abre en una nueva pesta\u00f1a)\">Cat\u00e1logo Digital de Tr\u00e1mites y Servicios SATEG<\/a><\/td><\/tr><tr><td class=\"has-text-align-left\" data-align=\"left\">10\u00b0<\/td><td class=\"has-text-align-left\" data-align=\"left\">90<\/td><td class=\"has-text-align-left\" data-align=\"left\">Direcci\u00f3n General de Pol\u00edtica Educativa <\/td><td class=\"has-text-align-left\" data-align=\"left\"><a href=\"http:\/\/mejorespracticas.sh.guanajuato.gob.mx\/wp-content\/uploads\/2026\/01\/90.-Tu-t\u00edtulo-en-Formato-Electr\u00f3nico-Final.pdf\" target=\"_blank\" rel=\"noreferrer noopener\" aria-label=\"T\u00fa T\u00edtulo en Formato Electr\u00f3nico (abre en una nueva pesta\u00f1a)\">T\u00fa T\u00edtulo en Formato Electr\u00f3nico<\/a><\/td><\/tr><\/tbody><\/table><\/figure>\n","protected":false},"excerpt":{"rendered":"<p>Posici\u00f3n N\u00famero de Postulaci\u00f3n Centro de Atenci\u00f3n Postulante Nombre de la Buena Pr\u00e1ctica 1\u00b0 75 Direcci\u00f3n General de Tecnolog\u00edas de la Informaci\u00f3n y Telecomunicaciones de la Secretar\u00eda de Finanzas Iniciativas de TI -DGTIT 2\u00b0 92 Coordinaci\u00f3n T\u00e9cnica de Control Vehicular de la Direcci\u00f3n de Servicios al Contribuyente Micrositio Vehicular SATEG 3 \u00b0 70 Delegaci\u00f3n Regional [&hellip;]<\/p>\n","protected":false},"author":3,"featured_media":0,"parent":0,"menu_order":0,"comment_status":"closed","ping_status":"closed","template":"","meta":{"footnotes":""},"class_list":["post-329","page","type-page","status-publish","hentry"],"_links":{"self":[{"href":"https:\/\/mejorespracticas.sh.guanajuato.gob.mx\/index.php\/wp-json\/wp\/v2\/pages\/329","targetHints":{"allow":["GET"]}}],"collection":[{"href":"https:\/\/mejorespracticas.sh.guanajuato.gob.mx\/index.php\/wp-json\/wp\/v2\/pages"}],"about":[{"href":"https:\/\/mejorespracticas.sh.guanajuato.gob.mx\/index.php\/wp-json\/wp\/v2\/types\/page"}],"author":[{"embeddable":true,"href":"https:\/\/mejorespracticas.sh.guanajuato.gob.mx\/index.php\/wp-json\/wp\/v2\/users\/3"}],"replies":[{"embeddable":true,"href":"https:\/\/mejorespracticas.sh.guanajuato.gob.mx\/index.php\/wp-json\/wp\/v2\/comments?post=329"}],"version-history":[{"count":7,"href":"https:\/\/mejorespracticas.sh.guanajuato.gob.mx\/index.php\/wp-json\/wp\/v2\/pages\/329\/revisions"}],"predecessor-version":[{"id":346,"href":"https:\/\/mejorespracticas.sh.guanajuato.gob.mx\/index.php\/wp-json\/wp\/v2\/pages\/329\/revisions\/346"}],"wp:attachment":[{"href":"https:\/\/mejorespracticas.sh.guanajuato.gob.mx\/index.php\/wp-json\/wp\/v2\/media?parent=329"}],"curies":[{"name":"wp","href":"https:\/\/api.w.org\/{rel}","templated":true}]}}