{"id":77,"date":"2020-08-26T16:14:00","date_gmt":"2020-08-26T16:14:00","guid":{"rendered":"http:\/\/mejorespracticas.sh.guanajuato.gob.mx\/?page_id=77"},"modified":"2020-09-01T19:54:19","modified_gmt":"2020-09-01T19:54:19","slug":"reconocidas-2019","status":"publish","type":"page","link":"https:\/\/mejorespracticas.sh.guanajuato.gob.mx\/index.php\/reconocidas-2019\/","title":{"rendered":"Reconocidas 2019"},"content":{"rendered":"\n<figure class=\"wp-block-table aligncenter is-style-stripes\"><table class=\"\"><tbody><tr><td class=\"has-text-align-center\" data-align=\"center\"><strong>Dependencia<\/strong><\/td><td class=\"has-text-align-center\" data-align=\"center\"><strong>Centro de atenci\u00f3n<\/strong><\/td><td class=\"has-text-align-center\" data-align=\"center\"><strong>Mejor pr\u00e1ctica<\/strong><\/td><\/tr><tr><td class=\"has-text-align-center\" data-align=\"center\">Secretar\u00eda de Finanzas, Inversi\u00f3n y Administraci\u00f3n (SFIA)<\/td><td class=\"has-text-align-center\" data-align=\"center\">sfiarecleonsoriana<\/td><td class=\"has-text-align-center\" data-align=\"center\"><a href=\"http:\/\/mejorespracticas.sh.guanajuato.gob.mx\/wp-content\/uploads\/2020\/09\/MP19-Citas-por-internet-para-reposicion-de-tarjetas-y-placas.pdf\" target=\"_blank\" rel=\"noreferrer noopener\" aria-label=\"Citas por internet para reposici\u00f3n de tarjetas y placas (abre en una nueva pesta\u00f1a)\">Citas por internet para reposici\u00f3n de tarjetas y placas<\/a><\/td><\/tr><tr><td class=\"has-text-align-center\" data-align=\"center\">Ayuntamiento de San Francisco del Rinc\u00f3n<\/td><td class=\"has-text-align-center\" data-align=\"center\">sfrdif<\/td><td class=\"has-text-align-center\" data-align=\"center\"><a href=\"http:\/\/mejorespracticas.sh.guanajuato.gob.mx\/wp-content\/uploads\/2020\/09\/MP19-Viernes-de-servicios-para-adultos-mayores.pdf\" target=\"_blank\" rel=\"noreferrer noopener\" aria-label=\"Viernes de servicios para adultos mayores (abre en una nueva pesta\u00f1a)\">Viernes de servicios para adultos mayores<\/a><\/td><\/tr><tr><td class=\"has-text-align-center\" data-align=\"center\">Secretar\u00eda de Finanzas, Inversi\u00f3n y Administraci\u00f3n (SFIA)<\/td><td class=\"has-text-align-center\" data-align=\"center\">sfiarecvictoria<\/td><td class=\"has-text-align-center\" data-align=\"center\"><a href=\"http:\/\/mejorespracticas.sh.guanajuato.gob.mx\/wp-content\/uploads\/2020\/09\/MP19-Cumple-facil-con-obligaciones-fiscales.pdf\" target=\"_blank\" rel=\"noreferrer noopener\" aria-label=\"Cumple f\u00e1cil con obligaciones fiscales (abre en una nueva pesta\u00f1a)\">Cumple f\u00e1cil con obligaciones fiscales<\/a><\/td><\/tr><tr><td class=\"has-text-align-center\" data-align=\"center\">Ayuntamiento de Irapuato<\/td><td class=\"has-text-align-center\" data-align=\"center\">irodif<\/td><td class=\"has-text-align-center\" data-align=\"center\"><a href=\"http:\/\/mejorespracticas.sh.guanajuato.gob.mx\/wp-content\/uploads\/2020\/09\/MP19-Estrategia-de-wayfinding.pdf\" target=\"_blank\" rel=\"noreferrer noopener\" aria-label=\"Estrategia de &quot;wayfinding&quot; (abre en una nueva pesta\u00f1a)\">Estrategia de &#8220;wayfinding&#8221;<\/a><\/td><\/tr><tr><td class=\"has-text-align-center\" data-align=\"center\">Instituto de Seguridad Social del Estado de Guanajuato (ISSEG)<\/td><td class=\"has-text-align-center\" data-align=\"center\">issegcentral<\/td><td class=\"has-text-align-center\" data-align=\"center\"><a href=\"http:\/\/mejorespracticas.sh.guanajuato.gob.mx\/wp-content\/uploads\/2020\/09\/MP19-Nuevo-sistema-de-pago.pdf\" target=\"_blank\" rel=\"noreferrer noopener\" aria-label=\"Nuevo sistema de pagos ISSEG (abre en una nueva pesta\u00f1a)\">Nuevo sistema de pagos ISSEG<\/a><\/td><\/tr><tr><td class=\"has-text-align-center\" data-align=\"center\">Secretar\u00eda de Educaci\u00f3n de Guanajuato (SEG)<\/td><td class=\"has-text-align-center\" data-align=\"center\">segusaeirapuato<\/td><td class=\"has-text-align-center\" data-align=\"center\"><a href=\"http:\/\/mejorespracticas.sh.guanajuato.gob.mx\/wp-content\/uploads\/2020\/09\/MP19-Inscripciones-a-los-cursos-del-MAYGC-desde-mi-centro-de-trabajo.pdf\" target=\"_blank\" rel=\"noreferrer noopener\" aria-label=\"Inscripci\u00f3n a los cursos del MAYGC desde mi centro de trabajo. (abre en una nueva pesta\u00f1a)\">Inscripci\u00f3n a los cursos del MAYGC desde mi centro de trabajo.<\/a><\/td><\/tr><tr><td class=\"has-text-align-center\" data-align=\"center\">Secretar\u00eda de Educaci\u00f3n de Guanajuato (SEG)<\/td><td class=\"has-text-align-center\" data-align=\"center\">segusaeirapuato<\/td><td class=\"has-text-align-center\" data-align=\"center\"><a href=\"http:\/\/mejorespracticas.sh.guanajuato.gob.mx\/wp-content\/uploads\/2020\/09\/MP19-Localiza-tu-escuela-desde-tu-celular-o-computadora.pdf\" target=\"_blank\" rel=\"noreferrer noopener\" aria-label=\"Localiza tu escuela desde tu celular o computadora. (abre en una nueva pesta\u00f1a)\">Localiza tu escuela desde tu celular o computadora.<\/a><\/td><\/tr><tr><td class=\"has-text-align-center\" data-align=\"center\">Universidad Virtual del Estado de Guanajuato (UVEG)<\/td><td class=\"has-text-align-center\" data-align=\"center\">uveg<\/td><td class=\"has-text-align-center\" data-align=\"center\"><a href=\"http:\/\/mejorespracticas.sh.guanajuato.gob.mx\/wp-content\/uploads\/2020\/09\/MP19-Modulo-de-constancias-digitales.pdf\" target=\"_blank\" rel=\"noreferrer noopener\" aria-label=\"M\u00f3dulo de constancias digitales (abre en una nueva pesta\u00f1a)\">M\u00f3dulo de constancias digitales<\/a><\/td><\/tr><tr><td class=\"has-text-align-center\" data-align=\"center\">Ayuntamiento de Salamanca<\/td><td class=\"has-text-align-center\" data-align=\"center\">salventanilla<\/td><td class=\"has-text-align-center\" data-align=\"center\"><a href=\"http:\/\/mejorespracticas.sh.guanajuato.gob.mx\/wp-content\/uploads\/2020\/09\/MP19-Sistema-digital-de-ventanilla-unica.pdf\" target=\"_blank\" rel=\"noreferrer noopener\" aria-label=\"Sistema digital de ventanilla \u00fanica (abre en una nueva pesta\u00f1a)\">Sistema digital de ventanilla \u00fanica<\/a><\/td><\/tr><tr><td class=\"has-text-align-center\" data-align=\"center\">Ayuntamiento de Le\u00f3n<\/td><td class=\"has-text-align-center\" data-align=\"center\">leovehiculos<\/td><td class=\"has-text-align-center\" data-align=\"center\"><a href=\"http:\/\/mejorespracticas.sh.guanajuato.gob.mx\/wp-content\/uploads\/2020\/09\/MP19-Licencias-en-tu-espacio.pdf\" target=\"_blank\" rel=\"noreferrer noopener\" aria-label=\"Licencias en tu espacio (abre en una nueva pesta\u00f1a)\">Licencias en tu espacio<\/a><\/td><\/tr><\/tbody><\/table><\/figure>\n\n\n\n<p><\/p>\n","protected":false},"excerpt":{"rendered":"<p>Dependencia Centro de atenci\u00f3n Mejor pr\u00e1ctica Secretar\u00eda de Finanzas, Inversi\u00f3n y Administraci\u00f3n (SFIA) sfiarecleonsoriana Citas por internet para reposici\u00f3n de tarjetas y placas Ayuntamiento de San Francisco del Rinc\u00f3n sfrdif Viernes de servicios para adultos mayores Secretar\u00eda de Finanzas, Inversi\u00f3n y Administraci\u00f3n (SFIA) sfiarecvictoria Cumple f\u00e1cil con obligaciones fiscales Ayuntamiento de Irapuato irodif Estrategia de [&hellip;]<\/p>\n","protected":false},"author":3,"featured_media":0,"parent":0,"menu_order":0,"comment_status":"closed","ping_status":"closed","template":"","meta":{"footnotes":""},"class_list":["post-77","page","type-page","status-publish","hentry"],"_links":{"self":[{"href":"https:\/\/mejorespracticas.sh.guanajuato.gob.mx\/index.php\/wp-json\/wp\/v2\/pages\/77","targetHints":{"allow":["GET"]}}],"collection":[{"href":"https:\/\/mejorespracticas.sh.guanajuato.gob.mx\/index.php\/wp-json\/wp\/v2\/pages"}],"about":[{"href":"https:\/\/mejorespracticas.sh.guanajuato.gob.mx\/index.php\/wp-json\/wp\/v2\/types\/page"}],"author":[{"embeddable":true,"href":"https:\/\/mejorespracticas.sh.guanajuato.gob.mx\/index.php\/wp-json\/wp\/v2\/users\/3"}],"replies":[{"embeddable":true,"href":"https:\/\/mejorespracticas.sh.guanajuato.gob.mx\/index.php\/wp-json\/wp\/v2\/comments?post=77"}],"version-history":[{"count":8,"href":"https:\/\/mejorespracticas.sh.guanajuato.gob.mx\/index.php\/wp-json\/wp\/v2\/pages\/77\/revisions"}],"predecessor-version":[{"id":102,"href":"https:\/\/mejorespracticas.sh.guanajuato.gob.mx\/index.php\/wp-json\/wp\/v2\/pages\/77\/revisions\/102"}],"wp:attachment":[{"href":"https:\/\/mejorespracticas.sh.guanajuato.gob.mx\/index.php\/wp-json\/wp\/v2\/media?parent=77"}],"curies":[{"name":"wp","href":"https:\/\/api.w.org\/{rel}","templated":true}]}}